{"id":831,"date":"2025-11-13T17:24:40","date_gmt":"2025-11-13T23:24:40","guid":{"rendered":"https:\/\/globalsbr.com\/?page_id=831"},"modified":"2025-12-09T13:16:12","modified_gmt":"2025-12-09T19:16:12","slug":"donar-llantas","status":"publish","type":"page","link":"https:\/\/globalsbr.com\/index.php\/donar-llantas\/","title":{"rendered":"Donar llantas"},"content":{"rendered":"\t\t<div data-elementor-type=\"wp-page\" data-elementor-id=\"831\" class=\"elementor elementor-831\">\n\t\t\t\t\t\t<section class=\"elementor-section elementor-top-section elementor-element elementor-element-4fbfd86a elementor-section-stretched elementor-section-full_width elementor-section-height-min-height elementor-section-height-default elementor-section-items-middle\" data-id=\"4fbfd86a\" data-element_type=\"section\" data-settings=\"{&quot;stretch_section&quot;:&quot;section-stretched&quot;,&quot;background_background&quot;:&quot;classic&quot;}\">\n\t\t\t\t\t\t\t<div class=\"elementor-background-overlay\"><\/div>\n\t\t\t\t\t\t\t<div class=\"elementor-container elementor-column-gap-narrow\">\n\t\t\t\t\t<div class=\"elementor-column elementor-col-100 elementor-top-column elementor-element elementor-element-33a0088f\" data-id=\"33a0088f\" data-element_type=\"column\">\n\t\t\t<div class=\"elementor-widget-wrap elementor-element-populated\">\n\t\t\t\t\t\t<div class=\"elementor-element elementor-element-3f82e3ef elementor-widget elementor-widget-spacer\" data-id=\"3f82e3ef\" data-element_type=\"widget\" data-widget_type=\"spacer.default\">\n\t\t\t\t\t\t\t<div class=\"elementor-spacer\">\n\t\t\t<div class=\"elementor-spacer-inner\"><\/div>\n\t\t<\/div>\n\t\t\t\t\t\t<\/div>\n\t\t\t\t<div class=\"elementor-element elementor-element-2e2640f elementor-widget__width-initial elementor-widget-tablet__width-initial elementor-invisible elementor-widget elementor-widget-heading\" data-id=\"2e2640f\" data-element_type=\"widget\" data-settings=\"{&quot;_animation&quot;:&quot;slideInUp&quot;,&quot;_animation_delay&quot;:100}\" data-widget_type=\"heading.default\">\n\t\t\t\t\t<h2 class=\"elementor-heading-title elementor-size-default\">Servicio de destrucci\u00f3n de llantas<\/h2>\t\t\t\t<\/div>\n\t\t\t\t<div class=\"elementor-element elementor-element-147cf903 elementor-widget__width-initial elementor-widget-tablet__width-initial elementor-widget-mobile__width-inherit elementor-invisible elementor-widget elementor-widget-text-editor\" data-id=\"147cf903\" data-element_type=\"widget\" data-settings=\"{&quot;_animation&quot;:&quot;fadeInUp&quot;,&quot;_animation_delay&quot;:150}\" data-widget_type=\"text-editor.default\">\n\t\t\t\t\t\t\t\t\t<p>Los requisitos y recomendaciones para donar llantas de manera r\u00e1pida y f\u00e1cil<\/p>\t\t\t\t\t\t\t\t<\/div>\n\t\t\t\t\t<\/div>\n\t\t<\/div>\n\t\t\t\t\t<\/div>\n\t\t<\/section>\n\t\t\t\t<section class=\"elementor-section elementor-top-section elementor-element elementor-element-5ad63968 elementor-section-stretched elementor-section-full_width elementor-section-height-default elementor-section-height-default\" data-id=\"5ad63968\" data-element_type=\"section\" data-settings=\"{&quot;stretch_section&quot;:&quot;section-stretched&quot;}\">\n\t\t\t\t\t\t<div class=\"elementor-container elementor-column-gap-default\">\n\t\t\t\t\t<div class=\"elementor-column elementor-col-100 elementor-top-column elementor-element elementor-element-582b81b1\" data-id=\"582b81b1\" data-element_type=\"column\">\n\t\t\t<div class=\"elementor-widget-wrap elementor-element-populated\">\n\t\t\t\t\t\t<section class=\"elementor-section elementor-inner-section elementor-element elementor-element-1d7d2057 elementor-section-content-middle elementor-reverse-mobile elementor-section-boxed elementor-section-height-default elementor-section-height-default\" data-id=\"1d7d2057\" data-element_type=\"section\">\n\t\t\t\t\t\t<div class=\"elementor-container elementor-column-gap-wide\">\n\t\t\t\t\t<div class=\"elementor-column elementor-col-50 elementor-inner-column elementor-element elementor-element-540ff52e\" data-id=\"540ff52e\" data-element_type=\"column\">\n\t\t\t<div class=\"elementor-widget-wrap elementor-element-populated\">\n\t\t\t\t\t\t<div class=\"elementor-element elementor-element-7f039eb7 elementor-invisible elementor-widget elementor-widget-heading\" data-id=\"7f039eb7\" data-element_type=\"widget\" data-settings=\"{&quot;_animation&quot;:&quot;fadeInLeft&quot;}\" data-widget_type=\"heading.default\">\n\t\t\t\t\t<h2 class=\"elementor-heading-title elementor-size-default\">Donar llantas<\/h2>\t\t\t\t<\/div>\n\t\t\t\t<div class=\"elementor-element elementor-element-63b3a79 elementor-invisible elementor-widget elementor-widget-heading\" data-id=\"63b3a79\" data-element_type=\"widget\" data-settings=\"{&quot;_animation&quot;:&quot;fadeInLeft&quot;,&quot;_animation_delay&quot;:1000}\" data-widget_type=\"heading.default\">\n\t\t\t\t\t<h2 class=\"elementor-heading-title elementor-size-default\">Solo preoc\u00fapate de tener tus llantas listas<\/h2>\t\t\t\t<\/div>\n\t\t\t\t<div class=\"elementor-element elementor-element-55550eb0 elementor-widget-divider--view-line elementor-widget elementor-widget-divider\" data-id=\"55550eb0\" data-element_type=\"widget\" data-widget_type=\"divider.default\">\n\t\t\t\t\t\t\t<div class=\"elementor-divider\">\n\t\t\t<span class=\"elementor-divider-separator\">\n\t\t\t\t\t\t<\/span>\n\t\t<\/div>\n\t\t\t\t\t\t<\/div>\n\t\t\t\t<div class=\"elementor-element elementor-element-663884af elementor-invisible elementor-widget elementor-widget-text-editor\" data-id=\"663884af\" data-element_type=\"widget\" data-settings=\"{&quot;_animation&quot;:&quot;fadeInRight&quot;,&quot;_animation_delay&quot;:1500}\" data-widget_type=\"text-editor.default\">\n\t\t\t\t\t\t\t\t\t<p>Al donar llantas con SBR nosotros nos ocupamos de toda la log\u00edstica, para que tus llantas en desuso lleguen de manera r\u00e1pida y sin complicaciones a uno de nuestros centros de reciclaje autorizados, donde se garantiza la destrucci\u00f3n segura de tus neum\u00e1ticos.<\/p>\t\t\t\t\t\t\t\t<\/div>\n\t\t\t\t\t<\/div>\n\t\t<\/div>\n\t\t\t\t<div class=\"elementor-column elementor-col-50 elementor-inner-column elementor-element elementor-element-44be0664\" data-id=\"44be0664\" data-element_type=\"column\">\n\t\t\t<div class=\"elementor-widget-wrap elementor-element-populated\">\n\t\t\t\t\t\t<div class=\"elementor-element elementor-element-758990b2 elementor-widget elementor-widget-video\" data-id=\"758990b2\" data-element_type=\"widget\" data-settings=\"{&quot;show_image_overlay&quot;:&quot;yes&quot;,&quot;image_overlay&quot;:{&quot;url&quot;:&quot;https:\\\/\\\/globalsbr.com\\\/wp-content\\\/uploads\\\/2025\\\/11\\\/llantasusadas.webp&quot;,&quot;id&quot;:823,&quot;size&quot;:&quot;&quot;,&quot;alt&quot;:&quot;&quot;,&quot;source&quot;:&quot;library&quot;},&quot;video_type&quot;:&quot;hosted&quot;}\" data-widget_type=\"video.default\">\n\t\t\t\t\t\t\t<div class=\"e-hosted-video elementor-wrapper elementor-open-inline\">\n\t\t\t\t\t<video class=\"elementor-video\" src=\"https:\/\/globalsbr.com\/wp-content\/uploads\/2025\/10\/WhatsApp-Video-2025-10-04-at-08.06.28_1a7a6b8a.mp4\" preload=\"metadata\" controlsList=\"nodownload\"><\/video>\n\t\t\t\t\t\t<div class=\"elementor-custom-embed-image-overlay\" style=\"background-image: url(https:\/\/globalsbr.com\/wp-content\/uploads\/2025\/11\/llantasusadas.webp);\">\n\t\t\t\t\t\t\t\t\t\t\t\t\t\t<\/div>\n\t\t\t\t\t<\/div>\n\t\t\t\t\t\t<\/div>\n\t\t\t\t\t<\/div>\n\t\t<\/div>\n\t\t\t\t\t<\/div>\n\t\t<\/section>\n\t\t\t\t\t<\/div>\n\t\t<\/div>\n\t\t\t\t\t<\/div>\n\t\t<\/section>\n\t\t\t\t<section class=\"elementor-section elementor-top-section elementor-element elementor-element-689f03b6 elementor-section-boxed elementor-section-height-default elementor-section-height-default\" data-id=\"689f03b6\" data-element_type=\"section\">\n\t\t\t\t\t\t<div class=\"elementor-container elementor-column-gap-no\">\n\t\t\t\t\t<div class=\"elementor-column elementor-col-50 elementor-top-column elementor-element elementor-element-7251f7f8 elementor-invisible\" data-id=\"7251f7f8\" data-element_type=\"column\" data-settings=\"{&quot;animation&quot;:&quot;fadeInLeft&quot;}\">\n\t\t\t<div class=\"elementor-widget-wrap elementor-element-populated\">\n\t\t\t\t\t\t<div class=\"elementor-element elementor-element-1adb7dec elementor-widget elementor-widget-heading\" data-id=\"1adb7dec\" data-element_type=\"widget\" data-widget_type=\"heading.default\">\n\t\t\t\t\t<h2 class=\"elementor-heading-title elementor-size-default\">Preguntas frecuentes <\/h2>\t\t\t\t<\/div>\n\t\t\t\t<div class=\"elementor-element elementor-element-22cde40d elementor-widget elementor-widget-text-editor\" data-id=\"22cde40d\" data-element_type=\"widget\" data-widget_type=\"text-editor.default\">\n\t\t\t\t\t\t\t\t\t<p>Si a\u00fan tienes dudas o preguntas, no dudes en consultar este apartado o comun\u00edcate con nosotros por tel\u00e9fono o correo electr\u00f3nico, estamos felices de resolver tus dudas.<\/p>\t\t\t\t\t\t\t\t<\/div>\n\t\t\t\t\t<\/div>\n\t\t<\/div>\n\t\t\t\t<div class=\"elementor-column elementor-col-50 elementor-top-column elementor-element elementor-element-791038be\" data-id=\"791038be\" data-element_type=\"column\">\n\t\t\t<div class=\"elementor-widget-wrap elementor-element-populated\">\n\t\t\t\t\t\t<div class=\"elementor-element elementor-element-28fe3442 elementor-invisible elementor-widget elementor-widget-eael-adv-accordion\" data-id=\"28fe3442\" data-element_type=\"widget\" data-settings=\"{&quot;_animation&quot;:&quot;fadeInRight&quot;}\" data-widget_type=\"eael-adv-accordion.default\">\n\t\t\t\t\t        <div class=\"eael-adv-accordion\" id=\"eael-adv-accordion-28fe3442\" data-scroll-on-click=\"no\" data-scroll-speed=\"300\" data-accordion-id=\"28fe3442\" data-accordion-type=\"accordion\" data-toogle-speed=\"300\">\n    <div class=\"eael-accordion-list\">\n                <div id=\"donde-debo-llevar-mis-llantas\" class=\"elementor-tab-title eael-accordion-header\" tabindex=\"0\" data-tab=\"1\" aria-controls=\"elementor-tab-content-6871\"><span class=\"eael-accordion-tab-title\">\u00bfDonde debo llevar mis llantas?<\/span><span class=\"eael-advanced-accordion-icon-closed\"><svg aria-hidden=\"true\" class=\"fa-accordion-icon e-font-icon-svg e-fas-plus\" viewBox=\"0 0 448 512\" xmlns=\"http:\/\/www.w3.org\/2000\/svg\"><path d=\"M416 208H272V64c0-17.67-14.33-32-32-32h-32c-17.67 0-32 14.33-32 32v144H32c-17.67 0-32 14.33-32 32v32c0 17.67 14.33 32 32 32h144v144c0 17.67 14.33 32 32 32h32c17.67 0 32-14.33 32-32V304h144c17.67 0 32-14.33 32-32v-32c0-17.67-14.33-32-32-32z\"><\/path><\/svg><\/span><span class=\"eael-advanced-accordion-icon-opened\"><svg aria-hidden=\"true\" class=\"fa-accordion-icon e-font-icon-svg e-fas-minus\" viewBox=\"0 0 448 512\" xmlns=\"http:\/\/www.w3.org\/2000\/svg\"><path d=\"M416 208H32c-17.67 0-32 14.33-32 32v32c0 17.67 14.33 32 32 32h384c17.67 0 32-14.33 32-32v-32c0-17.67-14.33-32-32-32z\"><\/path><\/svg><\/span><\/div><div id=\"elementor-tab-content-6871\" class=\"eael-accordion-content clearfix\" data-tab=\"1\" aria-labelledby=\"donde-debo-llevar-mis-llantas\"><p>Al donar llantas no te debes preocupar por transportarlas, nosotros iremos por ellas a tu ubicaci\u00f3n y las recolectaremos sin costo.<\/p><\/div>\n                <\/div><div class=\"eael-accordion-list\">\n                <div id=\"tiene-algn-costo-donar-las-llantas\" class=\"elementor-tab-title eael-accordion-header\" tabindex=\"0\" data-tab=\"2\" aria-controls=\"elementor-tab-content-6872\"><span class=\"eael-accordion-tab-title\">\u00bfTiene alg\u00fan costo donar las llantas?<\/span><span class=\"eael-advanced-accordion-icon-closed\"><svg aria-hidden=\"true\" class=\"fa-accordion-icon e-font-icon-svg e-fas-plus\" viewBox=\"0 0 448 512\" xmlns=\"http:\/\/www.w3.org\/2000\/svg\"><path d=\"M416 208H272V64c0-17.67-14.33-32-32-32h-32c-17.67 0-32 14.33-32 32v144H32c-17.67 0-32 14.33-32 32v32c0 17.67 14.33 32 32 32h144v144c0 17.67 14.33 32 32 32h32c17.67 0 32-14.33 32-32V304h144c17.67 0 32-14.33 32-32v-32c0-17.67-14.33-32-32-32z\"><\/path><\/svg><\/span><span class=\"eael-advanced-accordion-icon-opened\"><svg aria-hidden=\"true\" class=\"fa-accordion-icon e-font-icon-svg e-fas-minus\" viewBox=\"0 0 448 512\" xmlns=\"http:\/\/www.w3.org\/2000\/svg\"><path d=\"M416 208H32c-17.67 0-32 14.33-32 32v32c0 17.67 14.33 32 32 32h384c17.67 0 32-14.33 32-32v-32c0-17.67-14.33-32-32-32z\"><\/path><\/svg><\/span><\/div><div id=\"elementor-tab-content-6872\" class=\"eael-accordion-content clearfix\" data-tab=\"2\" aria-labelledby=\"tiene-algn-costo-donar-las-llantas\"><p>No, donar llantas a SBR no tiene ning\u00fan costo.<\/p><\/div>\n                <\/div><div class=\"eael-accordion-list\">\n                <div id=\"me-daran-algn-certificado-de-la-destruccin-de-las-llantas\" class=\"elementor-tab-title eael-accordion-header\" tabindex=\"0\" data-tab=\"3\" aria-controls=\"elementor-tab-content-6873\"><span class=\"eael-accordion-tab-title\">\u00bfMe daran alg\u00fan certificado de la destrucci\u00f3n de las llantas?<\/span><span class=\"eael-advanced-accordion-icon-closed\"><svg aria-hidden=\"true\" class=\"fa-accordion-icon e-font-icon-svg e-fas-plus\" viewBox=\"0 0 448 512\" xmlns=\"http:\/\/www.w3.org\/2000\/svg\"><path d=\"M416 208H272V64c0-17.67-14.33-32-32-32h-32c-17.67 0-32 14.33-32 32v144H32c-17.67 0-32 14.33-32 32v32c0 17.67 14.33 32 32 32h144v144c0 17.67 14.33 32 32 32h32c17.67 0 32-14.33 32-32V304h144c17.67 0 32-14.33 32-32v-32c0-17.67-14.33-32-32-32z\"><\/path><\/svg><\/span><span class=\"eael-advanced-accordion-icon-opened\"><svg aria-hidden=\"true\" class=\"fa-accordion-icon e-font-icon-svg e-fas-minus\" viewBox=\"0 0 448 512\" xmlns=\"http:\/\/www.w3.org\/2000\/svg\"><path d=\"M416 208H32c-17.67 0-32 14.33-32 32v32c0 17.67 14.33 32 32 32h384c17.67 0 32-14.33 32-32v-32c0-17.67-14.33-32-32-32z\"><\/path><\/svg><\/span><\/div><div id=\"elementor-tab-content-6873\" class=\"eael-accordion-content clearfix\" data-tab=\"3\" aria-labelledby=\"me-daran-algn-certificado-de-la-destruccin-de-las-llantas\"><p>S\u00ed, al donar llantas te daremos un certificado que verifica que las llantas fueron destruidas de manera correcta e irreversible.<\/p><\/div>\n                <\/div><div class=\"eael-accordion-list\">\n                <div id=\"qu-requisitos-hay-para-donar-llantas\" class=\"elementor-tab-title eael-accordion-header\" tabindex=\"0\" data-tab=\"4\" aria-controls=\"elementor-tab-content-6874\"><span class=\"eael-accordion-tab-title\">\u00bfQu\u00e9 requisitos hay para donar llantas?<\/span><span class=\"eael-advanced-accordion-icon-closed\"><svg aria-hidden=\"true\" class=\"fa-accordion-icon e-font-icon-svg e-fas-plus\" viewBox=\"0 0 448 512\" xmlns=\"http:\/\/www.w3.org\/2000\/svg\"><path d=\"M416 208H272V64c0-17.67-14.33-32-32-32h-32c-17.67 0-32 14.33-32 32v144H32c-17.67 0-32 14.33-32 32v32c0 17.67 14.33 32 32 32h144v144c0 17.67 14.33 32 32 32h32c17.67 0 32-14.33 32-32V304h144c17.67 0 32-14.33 32-32v-32c0-17.67-14.33-32-32-32z\"><\/path><\/svg><\/span><span class=\"eael-advanced-accordion-icon-opened\"><svg aria-hidden=\"true\" class=\"fa-accordion-icon e-font-icon-svg e-fas-minus\" viewBox=\"0 0 448 512\" xmlns=\"http:\/\/www.w3.org\/2000\/svg\"><path d=\"M416 208H32c-17.67 0-32 14.33-32 32v32c0 17.67 14.33 32 32 32h384c17.67 0 32-14.33 32-32v-32c0-17.67-14.33-32-32-32z\"><\/path><\/svg><\/span><\/div><div id=\"elementor-tab-content-6874\" class=\"eael-accordion-content clearfix\" data-tab=\"4\" aria-labelledby=\"qu-requisitos-hay-para-donar-llantas\"><ul><li>Por el momento solo aceptamos llantas de auto, cami\u00f3n y motocicleta.\u00a0<\/li><li>Las llantas a donar deben ser accesibles para el transporte que las recoja.<\/li><\/ul><\/div>\n                <\/div><\/div>\t\t\t\t<\/div>\n\t\t\t\t\t<\/div>\n\t\t<\/div>\n\t\t\t\t\t<\/div>\n\t\t<\/section>\n\t\t\t\t<\/div>\n\t\t","protected":false},"excerpt":{"rendered":"<p>Servicio de destrucci\u00f3n de llantas Los requisitos y recomendaciones para donar llantas de manera r\u00e1pida y f\u00e1cil Donar llantas Solo preoc\u00fapate de tener tus llantas listas Al donar llantas con SBR nosotros nos ocupamos de toda la log\u00edstica, para que tus llantas en desuso lleguen de manera r\u00e1pida y sin complicaciones a uno de nuestros [&hellip;]<\/p>\n","protected":false},"author":1,"featured_media":0,"parent":0,"menu_order":0,"comment_status":"closed","ping_status":"closed","template":"elementor_header_footer","meta":{"_eb_attr":"","footnotes":""},"class_list":["post-831","page","type-page","status-publish","hentry","entry"],"yoast_head":"<!-- This site is optimized with the Yoast SEO plugin v26.5 - https:\/\/yoast.com\/wordpress\/plugins\/seo\/ -->\n<title>Donar llantas - Global SBR<\/title>\n<meta name=\"robots\" content=\"index, follow, max-snippet:-1, max-image-preview:large, max-video-preview:-1\" \/>\n<link rel=\"canonical\" href=\"https:\/\/globalsbr.com\/index.php\/donar-llantas\/\" \/>\n<meta property=\"og:locale\" content=\"es_MX\" \/>\n<meta property=\"og:type\" content=\"article\" \/>\n<meta property=\"og:title\" content=\"Donar llantas - Global SBR\" \/>\n<meta property=\"og:description\" content=\"Servicio de destrucci\u00f3n de llantas Los requisitos y recomendaciones para donar llantas de manera r\u00e1pida y f\u00e1cil Donar llantas Solo preoc\u00fapate de tener tus llantas listas Al donar llantas con SBR nosotros nos ocupamos de toda la log\u00edstica, para que tus llantas en desuso lleguen de manera r\u00e1pida y sin complicaciones a uno de nuestros [&hellip;]\" \/>\n<meta property=\"og:url\" content=\"https:\/\/globalsbr.com\/index.php\/donar-llantas\/\" \/>\n<meta property=\"og:site_name\" content=\"Global SBR\" \/>\n<meta property=\"article:modified_time\" content=\"2025-12-09T19:16:12+00:00\" \/>\n<meta name=\"twitter:card\" content=\"summary_large_image\" \/>\n<meta name=\"twitter:label1\" content=\"Tiempo de lectura\" \/>\n\t<meta name=\"twitter:data1\" content=\"1 minuto\" \/>\n<script type=\"application\/ld+json\" class=\"yoast-schema-graph\">{\"@context\":\"https:\/\/schema.org\",\"@graph\":[{\"@type\":\"WebPage\",\"@id\":\"https:\/\/globalsbr.com\/index.php\/donar-llantas\/\",\"url\":\"https:\/\/globalsbr.com\/index.php\/donar-llantas\/\",\"name\":\"Donar llantas - Global SBR\",\"isPartOf\":{\"@id\":\"https:\/\/globalsbr.com\/#website\"},\"datePublished\":\"2025-11-13T23:24:40+00:00\",\"dateModified\":\"2025-12-09T19:16:12+00:00\",\"breadcrumb\":{\"@id\":\"https:\/\/globalsbr.com\/index.php\/donar-llantas\/#breadcrumb\"},\"inLanguage\":\"es\",\"potentialAction\":[{\"@type\":\"ReadAction\",\"target\":[\"https:\/\/globalsbr.com\/index.php\/donar-llantas\/\"]}]},{\"@type\":\"BreadcrumbList\",\"@id\":\"https:\/\/globalsbr.com\/index.php\/donar-llantas\/#breadcrumb\",\"itemListElement\":[{\"@type\":\"ListItem\",\"position\":1,\"name\":\"Inicio\",\"item\":\"https:\/\/globalsbr.com\/\"},{\"@type\":\"ListItem\",\"position\":2,\"name\":\"Donar llantas\"}]},{\"@type\":\"WebSite\",\"@id\":\"https:\/\/globalsbr.com\/#website\",\"url\":\"https:\/\/globalsbr.com\/\",\"name\":\"Global SBR\",\"description\":\"Suministro de caucho y soluciones de maquinaria para reciclado\",\"publisher\":{\"@id\":\"https:\/\/globalsbr.com\/#organization\"},\"potentialAction\":[{\"@type\":\"SearchAction\",\"target\":{\"@type\":\"EntryPoint\",\"urlTemplate\":\"https:\/\/globalsbr.com\/?s={search_term_string}\"},\"query-input\":{\"@type\":\"PropertyValueSpecification\",\"valueRequired\":true,\"valueName\":\"search_term_string\"}}],\"inLanguage\":\"es\"},{\"@type\":\"Organization\",\"@id\":\"https:\/\/globalsbr.com\/#organization\",\"name\":\"Global SBR\",\"url\":\"https:\/\/globalsbr.com\/\",\"logo\":{\"@type\":\"ImageObject\",\"inLanguage\":\"es\",\"@id\":\"https:\/\/globalsbr.com\/#\/schema\/logo\/image\/\",\"url\":\"https:\/\/globalsbr.com\/wp-content\/uploads\/2025\/10\/SBR-e1761262006352.png\",\"contentUrl\":\"https:\/\/globalsbr.com\/wp-content\/uploads\/2025\/10\/SBR-e1761262006352.png\",\"width\":1170,\"height\":493,\"caption\":\"Global SBR\"},\"image\":{\"@id\":\"https:\/\/globalsbr.com\/#\/schema\/logo\/image\/\"}}]}<\/script>\n<!-- \/ Yoast SEO plugin. -->","yoast_head_json":{"title":"Donar llantas - Global SBR","robots":{"index":"index","follow":"follow","max-snippet":"max-snippet:-1","max-image-preview":"max-image-preview:large","max-video-preview":"max-video-preview:-1"},"canonical":"https:\/\/globalsbr.com\/index.php\/donar-llantas\/","og_locale":"es_MX","og_type":"article","og_title":"Donar llantas - Global SBR","og_description":"Servicio de destrucci\u00f3n de llantas Los requisitos y recomendaciones para donar llantas de manera r\u00e1pida y f\u00e1cil Donar llantas Solo preoc\u00fapate de tener tus llantas listas Al donar llantas con SBR nosotros nos ocupamos de toda la log\u00edstica, para que tus llantas en desuso lleguen de manera r\u00e1pida y sin complicaciones a uno de nuestros [&hellip;]","og_url":"https:\/\/globalsbr.com\/index.php\/donar-llantas\/","og_site_name":"Global SBR","article_modified_time":"2025-12-09T19:16:12+00:00","twitter_card":"summary_large_image","twitter_misc":{"Tiempo de lectura":"1 minuto"},"schema":{"@context":"https:\/\/schema.org","@graph":[{"@type":"WebPage","@id":"https:\/\/globalsbr.com\/index.php\/donar-llantas\/","url":"https:\/\/globalsbr.com\/index.php\/donar-llantas\/","name":"Donar llantas - Global SBR","isPartOf":{"@id":"https:\/\/globalsbr.com\/#website"},"datePublished":"2025-11-13T23:24:40+00:00","dateModified":"2025-12-09T19:16:12+00:00","breadcrumb":{"@id":"https:\/\/globalsbr.com\/index.php\/donar-llantas\/#breadcrumb"},"inLanguage":"es","potentialAction":[{"@type":"ReadAction","target":["https:\/\/globalsbr.com\/index.php\/donar-llantas\/"]}]},{"@type":"BreadcrumbList","@id":"https:\/\/globalsbr.com\/index.php\/donar-llantas\/#breadcrumb","itemListElement":[{"@type":"ListItem","position":1,"name":"Inicio","item":"https:\/\/globalsbr.com\/"},{"@type":"ListItem","position":2,"name":"Donar llantas"}]},{"@type":"WebSite","@id":"https:\/\/globalsbr.com\/#website","url":"https:\/\/globalsbr.com\/","name":"Global SBR","description":"Suministro de caucho y soluciones de maquinaria para reciclado","publisher":{"@id":"https:\/\/globalsbr.com\/#organization"},"potentialAction":[{"@type":"SearchAction","target":{"@type":"EntryPoint","urlTemplate":"https:\/\/globalsbr.com\/?s={search_term_string}"},"query-input":{"@type":"PropertyValueSpecification","valueRequired":true,"valueName":"search_term_string"}}],"inLanguage":"es"},{"@type":"Organization","@id":"https:\/\/globalsbr.com\/#organization","name":"Global SBR","url":"https:\/\/globalsbr.com\/","logo":{"@type":"ImageObject","inLanguage":"es","@id":"https:\/\/globalsbr.com\/#\/schema\/logo\/image\/","url":"https:\/\/globalsbr.com\/wp-content\/uploads\/2025\/10\/SBR-e1761262006352.png","contentUrl":"https:\/\/globalsbr.com\/wp-content\/uploads\/2025\/10\/SBR-e1761262006352.png","width":1170,"height":493,"caption":"Global SBR"},"image":{"@id":"https:\/\/globalsbr.com\/#\/schema\/logo\/image\/"}}]}},"_links":{"self":[{"href":"https:\/\/globalsbr.com\/index.php\/wp-json\/wp\/v2\/pages\/831","targetHints":{"allow":["GET"]}}],"collection":[{"href":"https:\/\/globalsbr.com\/index.php\/wp-json\/wp\/v2\/pages"}],"about":[{"href":"https:\/\/globalsbr.com\/index.php\/wp-json\/wp\/v2\/types\/page"}],"author":[{"embeddable":true,"href":"https:\/\/globalsbr.com\/index.php\/wp-json\/wp\/v2\/users\/1"}],"replies":[{"embeddable":true,"href":"https:\/\/globalsbr.com\/index.php\/wp-json\/wp\/v2\/comments?post=831"}],"version-history":[{"count":44,"href":"https:\/\/globalsbr.com\/index.php\/wp-json\/wp\/v2\/pages\/831\/revisions"}],"predecessor-version":[{"id":1200,"href":"https:\/\/globalsbr.com\/index.php\/wp-json\/wp\/v2\/pages\/831\/revisions\/1200"}],"wp:attachment":[{"href":"https:\/\/globalsbr.com\/index.php\/wp-json\/wp\/v2\/media?parent=831"}],"curies":[{"name":"wp","href":"https:\/\/api.w.org\/{rel}","templated":true}]}}